{"id":36,"date":"2020-09-09T14:05:06","date_gmt":"2020-09-09T17:05:06","guid":{"rendered":"https:\/\/www.gebaut.com.br\/montreux\/?page_id=36"},"modified":"2020-09-09T18:48:12","modified_gmt":"2020-09-09T21:48:12","slug":"caracteristicas","status":"publish","type":"page","link":"https:\/\/www.gebaut.com.br\/montreux\/?page_id=36","title":{"rendered":"Caracter\u00edsticas"},"content":{"rendered":"\t\t<div data-elementor-type=\"wp-page\" data-elementor-id=\"36\" class=\"elementor elementor-36\" data-elementor-settings=\"[]\">\n\t\t\t\t\t\t<div class=\"elementor-inner\">\n\t\t\t\t\t\t\t<div class=\"elementor-section-wrap\">\n\t\t\t\t\t\t\t<section class=\"elementor-section elementor-top-section elementor-element elementor-element-5eb557ac elementor-section-boxed elementor-section-height-default elementor-section-height-default\" data-id=\"5eb557ac\" data-element_type=\"section\">\n\t\t\t\t\t\t<div class=\"elementor-container elementor-column-gap-default\">\n\t\t\t\t\t\t\t<div class=\"elementor-row\">\n\t\t\t\t\t<div class=\"elementor-column elementor-col-100 elementor-top-column elementor-element elementor-element-37b90a85\" data-id=\"37b90a85\" data-element_type=\"column\">\n\t\t\t<div class=\"elementor-column-wrap elementor-element-populated\">\n\t\t\t\t\t\t\t<div class=\"elementor-widget-wrap\">\n\t\t\t\t\t\t<section class=\"elementor-section elementor-inner-section elementor-element elementor-element-2e3d37a elementor-section-boxed elementor-section-height-default elementor-section-height-default\" data-id=\"2e3d37a\" data-element_type=\"section\">\n\t\t\t\t\t\t<div class=\"elementor-container elementor-column-gap-default\">\n\t\t\t\t\t\t\t<div class=\"elementor-row\">\n\t\t\t\t\t<div class=\"elementor-column elementor-col-50 elementor-inner-column elementor-element elementor-element-551f44a\" data-id=\"551f44a\" data-element_type=\"column\">\n\t\t\t<div class=\"elementor-column-wrap elementor-element-populated\">\n\t\t\t\t\t\t\t<div class=\"elementor-widget-wrap\">\n\t\t\t\t\t\t<div class=\"elementor-element elementor-element-f18bc91 elementor-widget elementor-widget-image\" data-id=\"f18bc91\" data-element_type=\"widget\" data-widget_type=\"image.default\">\n\t\t\t\t<div class=\"elementor-widget-container\">\n\t\t\t\t\t\t\t\t<div class=\"elementor-image\">\n\t\t\t\t\t\t\t\t\t\t\t\t<img decoding=\"async\" width=\"30\" height=\"40\" src=\"https:\/\/www.gebaut.com.br\/montreux\/wp-content\/uploads\/2020\/09\/simbol.png\" class=\"attachment-large size-large\" alt=\"\" loading=\"lazy\" \/>\t\t\t\t\t\t\t\t\t\t\t\t\t\t<\/div>\n\t\t\t\t\t\t<\/div>\n\t\t\t\t<\/div>\n\t\t\t\t\t\t<\/div>\n\t\t\t\t\t<\/div>\n\t\t<\/div>\n\t\t\t\t<div class=\"elementor-column elementor-col-50 elementor-inner-column elementor-element elementor-element-725873d\" data-id=\"725873d\" data-element_type=\"column\">\n\t\t\t<div class=\"elementor-column-wrap elementor-element-populated\">\n\t\t\t\t\t\t\t<div class=\"elementor-widget-wrap\">\n\t\t\t\t\t\t<div class=\"elementor-element elementor-element-7b5fcbfc elementor-widget elementor-widget-heading\" data-id=\"7b5fcbfc\" data-element_type=\"widget\" data-widget_type=\"heading.default\">\n\t\t\t\t<div class=\"elementor-widget-container\">\n\t\t\t<h2 class=\"elementor-heading-title elementor-size-default\">Caracter\u00edsticas | Unidades<\/h2>\t\t<\/div>\n\t\t\t\t<\/div>\n\t\t\t\t\t\t<\/div>\n\t\t\t\t\t<\/div>\n\t\t<\/div>\n\t\t\t\t\t\t\t\t<\/div>\n\t\t\t\t\t<\/div>\n\t\t<\/section>\n\t\t\t\t<section class=\"elementor-section elementor-inner-section elementor-element elementor-element-954972e elementor-section-boxed elementor-section-height-default elementor-section-height-default\" data-id=\"954972e\" data-element_type=\"section\">\n\t\t\t\t\t\t<div class=\"elementor-container elementor-column-gap-default\">\n\t\t\t\t\t\t\t<div class=\"elementor-row\">\n\t\t\t\t\t<div class=\"elementor-column elementor-col-50 elementor-inner-column elementor-element elementor-element-acb5483\" data-id=\"acb5483\" data-element_type=\"column\">\n\t\t\t<div class=\"elementor-column-wrap elementor-element-populated\">\n\t\t\t\t\t\t\t<div class=\"elementor-widget-wrap\">\n\t\t\t\t\t\t<div class=\"elementor-element elementor-element-aa0c9ce elementor-widget elementor-widget-text-editor\" data-id=\"aa0c9ce\" data-element_type=\"widget\" data-widget_type=\"text-editor.default\">\n\t\t\t\t<div class=\"elementor-widget-container\">\n\t\t\t\t\t\t\t\t<div class=\"elementor-text-editor elementor-clearfix\">\n\t\t\t\t<p>&#8211; Paredes externas duplas<\/p><p>&#8211; Esquadrias em PVC com vidros duplos<\/p><p>&#8211; Persianas motorizadas nos dormit\u00f3rios<\/p><p>&#8211; Telas mosquiteiras em todas as esquadrias da unidade<\/p><p>&#8211; Aquecimento de \u00e1gua atrav\u00e9s de caldeira a g\u00e1s<\/p><p>&#8211; Sistema de calega\u00e7\u00e3o por Piso Radiante<\/p><p>&#8211; Controle c\u00eanico de luzes na \u00e1rea social<\/p><p>&#8211; Distribuidor de Som Ambiente na \u00e1rea social<\/p>\t\t\t\t\t<\/div>\n\t\t\t\t\t\t<\/div>\n\t\t\t\t<\/div>\n\t\t\t\t\t\t<\/div>\n\t\t\t\t\t<\/div>\n\t\t<\/div>\n\t\t\t\t<div class=\"elementor-column elementor-col-50 elementor-inner-column elementor-element elementor-element-59b9ece\" data-id=\"59b9ece\" data-element_type=\"column\">\n\t\t\t<div class=\"elementor-column-wrap elementor-element-populated\">\n\t\t\t\t\t\t\t<div class=\"elementor-widget-wrap\">\n\t\t\t\t\t\t<div class=\"elementor-element elementor-element-8b5342c elementor-widget elementor-widget-text-editor\" data-id=\"8b5342c\" data-element_type=\"widget\" data-widget_type=\"text-editor.default\">\n\t\t\t\t<div class=\"elementor-widget-container\">\n\t\t\t\t\t\t\t\t<div class=\"elementor-text-editor elementor-clearfix\">\n\t\t\t\t<p>&#8211; Prepara\u00e7\u00e3o para ado\u00e7\u00e3o de ilha central na cozinha<\/p><p>&#8211; Churrasqueira com espa\u00e7o para bifeteria<\/p><p>&#8211; Sistema de Aspira\u00e7\u00e3o Central<\/p><p>&#8211; Esperas para Split na \u00e1rea social e dormit\u00f3rios<\/p><p>&#8211; Garagens fechadas e individuais por unidade<\/p><p>&#8211; Pressurizadores e medidores individuais de \u00e1gua<\/p><p>&#8211; Medidores individuais de energia e g\u00e1s.<\/p>\t\t\t\t\t<\/div>\n\t\t\t\t\t\t<\/div>\n\t\t\t\t<\/div>\n\t\t\t\t\t\t<\/div>\n\t\t\t\t\t<\/div>\n\t\t<\/div>\n\t\t\t\t\t\t\t\t<\/div>\n\t\t\t\t\t<\/div>\n\t\t<\/section>\n\t\t\t\t\t\t<\/div>\n\t\t\t\t\t<\/div>\n\t\t<\/div>\n\t\t\t\t\t\t\t\t<\/div>\n\t\t\t\t\t<\/div>\n\t\t<\/section>\n\t\t\t\t<section class=\"elementor-section elementor-top-section elementor-element elementor-element-ef93ee0 elementor-section-boxed elementor-section-height-default elementor-section-height-default\" data-id=\"ef93ee0\" data-element_type=\"section\">\n\t\t\t\t\t\t<div class=\"elementor-container elementor-column-gap-default\">\n\t\t\t\t\t\t\t<div class=\"elementor-row\">\n\t\t\t\t\t<div class=\"elementor-column elementor-col-100 elementor-top-column elementor-element elementor-element-6883bea\" data-id=\"6883bea\" data-element_type=\"column\">\n\t\t\t<div class=\"elementor-column-wrap elementor-element-populated\">\n\t\t\t\t\t\t\t<div class=\"elementor-widget-wrap\">\n\t\t\t\t\t\t<div class=\"elementor-element elementor-element-a2fab99 elementor-widget-divider--view-line elementor-widget elementor-widget-divider\" data-id=\"a2fab99\" data-element_type=\"widget\" data-widget_type=\"divider.default\">\n\t\t\t\t<div class=\"elementor-widget-container\">\n\t\t\t\t\t<div class=\"elementor-divider\">\n\t\t\t<span class=\"elementor-divider-separator\">\n\t\t\t\t\t\t<\/span>\n\t\t<\/div>\n\t\t\t\t<\/div>\n\t\t\t\t<\/div>\n\t\t\t\t<section class=\"elementor-section elementor-inner-section elementor-element elementor-element-2ca8fb7 elementor-section-boxed elementor-section-height-default elementor-section-height-default\" data-id=\"2ca8fb7\" data-element_type=\"section\">\n\t\t\t\t\t\t<div class=\"elementor-container elementor-column-gap-default\">\n\t\t\t\t\t\t\t<div class=\"elementor-row\">\n\t\t\t\t\t<div class=\"elementor-column elementor-col-50 elementor-inner-column elementor-element elementor-element-18d519e\" data-id=\"18d519e\" data-element_type=\"column\">\n\t\t\t<div class=\"elementor-column-wrap elementor-element-populated\">\n\t\t\t\t\t\t\t<div class=\"elementor-widget-wrap\">\n\t\t\t\t\t\t<div class=\"elementor-element elementor-element-d6b114a elementor-widget elementor-widget-image\" data-id=\"d6b114a\" data-element_type=\"widget\" data-widget_type=\"image.default\">\n\t\t\t\t<div class=\"elementor-widget-container\">\n\t\t\t\t\t\t\t\t<div class=\"elementor-image\">\n\t\t\t\t\t\t\t\t\t\t\t\t<img decoding=\"async\" width=\"30\" height=\"40\" src=\"https:\/\/www.gebaut.com.br\/montreux\/wp-content\/uploads\/2020\/09\/simbol.png\" class=\"attachment-large size-large\" alt=\"\" loading=\"lazy\" \/>\t\t\t\t\t\t\t\t\t\t\t\t\t\t<\/div>\n\t\t\t\t\t\t<\/div>\n\t\t\t\t<\/div>\n\t\t\t\t\t\t<\/div>\n\t\t\t\t\t<\/div>\n\t\t<\/div>\n\t\t\t\t<div class=\"elementor-column elementor-col-50 elementor-inner-column elementor-element elementor-element-783b528\" data-id=\"783b528\" data-element_type=\"column\">\n\t\t\t<div class=\"elementor-column-wrap elementor-element-populated\">\n\t\t\t\t\t\t\t<div class=\"elementor-widget-wrap\">\n\t\t\t\t\t\t<div class=\"elementor-element elementor-element-372e177 elementor-widget elementor-widget-heading\" data-id=\"372e177\" data-element_type=\"widget\" data-widget_type=\"heading.default\">\n\t\t\t\t<div class=\"elementor-widget-container\">\n\t\t\t<h2 class=\"elementor-heading-title elementor-size-default\">Caracter\u00edsticas | Empreendimento<\/h2>\t\t<\/div>\n\t\t\t\t<\/div>\n\t\t\t\t\t\t<\/div>\n\t\t\t\t\t<\/div>\n\t\t<\/div>\n\t\t\t\t\t\t\t\t<\/div>\n\t\t\t\t\t<\/div>\n\t\t<\/section>\n\t\t\t\t<section class=\"elementor-section elementor-inner-section elementor-element elementor-element-76e6384 elementor-section-boxed elementor-section-height-default elementor-section-height-default\" data-id=\"76e6384\" data-element_type=\"section\">\n\t\t\t\t\t\t<div class=\"elementor-container elementor-column-gap-default\">\n\t\t\t\t\t\t\t<div class=\"elementor-row\">\n\t\t\t\t\t<div class=\"elementor-column elementor-col-50 elementor-inner-column elementor-element elementor-element-fbce8d6\" data-id=\"fbce8d6\" data-element_type=\"column\">\n\t\t\t<div class=\"elementor-column-wrap elementor-element-populated\">\n\t\t\t\t\t\t\t<div class=\"elementor-widget-wrap\">\n\t\t\t\t\t\t<div class=\"elementor-element elementor-element-41bbbce elementor-widget elementor-widget-text-editor\" data-id=\"41bbbce\" data-element_type=\"widget\" data-widget_type=\"text-editor.default\">\n\t\t\t\t<div class=\"elementor-widget-container\">\n\t\t\t\t\t\t\t\t<div class=\"elementor-text-editor elementor-clearfix\">\n\t\t\t\t<p>&#8211; Implanta\u00e7\u00e3o em terreno de 1.500m\u00b2<\/p><p>&#8211; Hall Social com liga\u00e7\u00e3o para as garagens<\/p><p>&#8211; Dep\u00f3sito condominial<\/p><p>&#8211; Espa\u00e7o externo de conviv\u00eancia<\/p><p>&#8211; Paisagismo primoroso<\/p><p>&#8211; Sistema de controle de ilumina\u00e7\u00e3o do jardim e fachadas<\/p>\t\t\t\t\t<\/div>\n\t\t\t\t\t\t<\/div>\n\t\t\t\t<\/div>\n\t\t\t\t\t\t<\/div>\n\t\t\t\t\t<\/div>\n\t\t<\/div>\n\t\t\t\t<div class=\"elementor-column elementor-col-50 elementor-inner-column elementor-element elementor-element-956d579\" data-id=\"956d579\" data-element_type=\"column\">\n\t\t\t<div class=\"elementor-column-wrap elementor-element-populated\">\n\t\t\t\t\t\t\t<div class=\"elementor-widget-wrap\">\n\t\t\t\t\t\t<div class=\"elementor-element elementor-element-bfab580 elementor-widget elementor-widget-text-editor\" data-id=\"bfab580\" data-element_type=\"widget\" data-widget_type=\"text-editor.default\">\n\t\t\t\t<div class=\"elementor-widget-container\">\n\t\t\t\t\t\t\t\t<div class=\"elementor-text-editor elementor-clearfix\">\n\t\t\t\t<p>&#8211; Cisterna de capta\u00e7\u00e3o de \u00e1gua de chuva para irriga\u00e7\u00e3o do jardim<\/p><p>&#8211; Sistema de monitora\u00e7\u00e3o por CFTV<\/p><p>&#8211; Sistema de antena coletiva p\/canais abertos, c\/acesso ao CFTV<\/p><p>&#8211; V\u00eddeo-Porteiro colorido<\/p><p>&#8211; Pr\u00e9dio estruturado em concreto armado<\/p><p>&#8211; Paredes internas em alvenaria<\/p>\t\t\t\t\t<\/div>\n\t\t\t\t\t\t<\/div>\n\t\t\t\t<\/div>\n\t\t\t\t\t\t<\/div>\n\t\t\t\t\t<\/div>\n\t\t<\/div>\n\t\t\t\t\t\t\t\t<\/div>\n\t\t\t\t\t<\/div>\n\t\t<\/section>\n\t\t\t\t<div class=\"elementor-element elementor-element-0ab9141 elementor-widget-divider--view-line elementor-widget elementor-widget-divider\" data-id=\"0ab9141\" data-element_type=\"widget\" data-widget_type=\"divider.default\">\n\t\t\t\t<div class=\"elementor-widget-container\">\n\t\t\t\t\t<div class=\"elementor-divider\">\n\t\t\t<span class=\"elementor-divider-separator\">\n\t\t\t\t\t\t<\/span>\n\t\t<\/div>\n\t\t\t\t<\/div>\n\t\t\t\t<\/div>\n\t\t\t\t<div class=\"elementor-element elementor-element-cef6d7d elementor-widget elementor-widget-image\" data-id=\"cef6d7d\" data-element_type=\"widget\" data-widget_type=\"image.default\">\n\t\t\t\t<div class=\"elementor-widget-container\">\n\t\t\t\t\t\t\t\t<div class=\"elementor-image\">\n\t\t\t\t\t\t\t\t\t\t\t\t<img decoding=\"async\" width=\"800\" height=\"399\" src=\"https:\/\/www.gebaut.com.br\/montreux\/wp-content\/uploads\/2020\/09\/planta_garagem-1024x511.jpg\" class=\"attachment-large size-large\" alt=\"\" loading=\"lazy\" \/>\t\t\t\t\t\t\t\t\t\t\t\t\t\t<\/div>\n\t\t\t\t\t\t<\/div>\n\t\t\t\t<\/div>\n\t\t\t\t\t\t<\/div>\n\t\t\t\t\t<\/div>\n\t\t<\/div>\n\t\t\t\t\t\t\t\t<\/div>\n\t\t\t\t\t<\/div>\n\t\t<\/section>\n\t\t\t\t\t\t<\/div>\n\t\t\t\t\t\t<\/div>\n\t\t\t\t\t<\/div>\n\t\t","protected":false},"excerpt":{"rendered":"<p>Caracter\u00edsticas | Unidades &#8211; Paredes externas duplas &#8211; Esquadrias em PVC com vidros duplos &#8211; Persianas motorizadas nos dormit\u00f3rios &#8211; Telas mosquiteiras em todas as esquadrias da unidade &#8211; Aquecimento de \u00e1gua atrav\u00e9s de caldeira a g\u00e1s &#8211; Sistema de calega\u00e7\u00e3o por Piso Radiante &#8211; Controle c\u00eanico de luzes na \u00e1rea social &#8211; Distribuidor de [&hellip;]<\/p>\n","protected":false},"author":1,"featured_media":0,"parent":0,"menu_order":0,"comment_status":"closed","ping_status":"closed","template":"elementor_header_footer","meta":[],"yoast_head":"<!-- This site is optimized with the Yoast SEO plugin v14.9 - https:\/\/yoast.com\/wordpress\/plugins\/seo\/ -->\n<title>Caracter\u00edsticas - Montreux<\/title>\n<meta name=\"robots\" content=\"index, follow, max-snippet:-1, max-image-preview:large, max-video-preview:-1\" \/>\n<link rel=\"canonical\" href=\"https:\/\/www.gebaut.com.br\/montreux\/?page_id=36\" \/>\n<meta property=\"og:locale\" content=\"pt_BR\" \/>\n<meta property=\"og:type\" content=\"article\" \/>\n<meta property=\"og:title\" content=\"Caracter\u00edsticas - Montreux\" \/>\n<meta property=\"og:description\" content=\"Caracter\u00edsticas | Unidades &#8211; Paredes externas duplas &#8211; Esquadrias em PVC com vidros duplos &#8211; Persianas motorizadas nos dormit\u00f3rios &#8211; Telas mosquiteiras em todas as esquadrias da unidade &#8211; Aquecimento de \u00e1gua atrav\u00e9s de caldeira a g\u00e1s &#8211; Sistema de calega\u00e7\u00e3o por Piso Radiante &#8211; Controle c\u00eanico de luzes na \u00e1rea social &#8211; Distribuidor de [&hellip;]\" \/>\n<meta property=\"og:url\" content=\"https:\/\/www.gebaut.com.br\/montreux\/?page_id=36\" \/>\n<meta property=\"og:site_name\" content=\"Montreux\" \/>\n<meta property=\"article:modified_time\" content=\"2020-09-09T21:48:12+00:00\" \/>\n<meta property=\"og:image\" content=\"https:\/\/www.gebaut.com.br\/montreux\/wp-content\/uploads\/2020\/09\/simbol.png\" \/>\n<meta name=\"twitter:card\" content=\"summary_large_image\" \/>\n<script type=\"application\/ld+json\" class=\"yoast-schema-graph\">{\"@context\":\"https:\/\/schema.org\",\"@graph\":[{\"@type\":\"WebSite\",\"@id\":\"https:\/\/www.gebaut.com.br\/montreux\/#website\",\"url\":\"https:\/\/www.gebaut.com.br\/montreux\/\",\"name\":\"Montreux\",\"description\":\"Empreendimento de Alto Padr\\u00e3o em Gramado\/RS\",\"potentialAction\":[{\"@type\":\"SearchAction\",\"target\":\"https:\/\/www.gebaut.com.br\/montreux\/?s={search_term_string}\",\"query-input\":\"required name=search_term_string\"}],\"inLanguage\":\"pt-BR\"},{\"@type\":\"ImageObject\",\"@id\":\"https:\/\/www.gebaut.com.br\/montreux\/?page_id=36#primaryimage\",\"inLanguage\":\"pt-BR\",\"url\":\"https:\/\/www.gebaut.com.br\/montreux\/wp-content\/uploads\/2020\/09\/simbol.png\",\"width\":30,\"height\":40},{\"@type\":\"WebPage\",\"@id\":\"https:\/\/www.gebaut.com.br\/montreux\/?page_id=36#webpage\",\"url\":\"https:\/\/www.gebaut.com.br\/montreux\/?page_id=36\",\"name\":\"Caracter\\u00edsticas - Montreux\",\"isPartOf\":{\"@id\":\"https:\/\/www.gebaut.com.br\/montreux\/#website\"},\"primaryImageOfPage\":{\"@id\":\"https:\/\/www.gebaut.com.br\/montreux\/?page_id=36#primaryimage\"},\"datePublished\":\"2020-09-09T17:05:06+00:00\",\"dateModified\":\"2020-09-09T21:48:12+00:00\",\"inLanguage\":\"pt-BR\",\"potentialAction\":[{\"@type\":\"ReadAction\",\"target\":[\"https:\/\/www.gebaut.com.br\/montreux\/?page_id=36\"]}]}]}<\/script>\n<!-- \/ Yoast SEO plugin. -->","_links":{"self":[{"href":"https:\/\/www.gebaut.com.br\/montreux\/index.php?rest_route=\/wp\/v2\/pages\/36"}],"collection":[{"href":"https:\/\/www.gebaut.com.br\/montreux\/index.php?rest_route=\/wp\/v2\/pages"}],"about":[{"href":"https:\/\/www.gebaut.com.br\/montreux\/index.php?rest_route=\/wp\/v2\/types\/page"}],"author":[{"embeddable":true,"href":"https:\/\/www.gebaut.com.br\/montreux\/index.php?rest_route=\/wp\/v2\/users\/1"}],"replies":[{"embeddable":true,"href":"https:\/\/www.gebaut.com.br\/montreux\/index.php?rest_route=%2Fwp%2Fv2%2Fcomments&post=36"}],"version-history":[{"count":4,"href":"https:\/\/www.gebaut.com.br\/montreux\/index.php?rest_route=\/wp\/v2\/pages\/36\/revisions"}],"predecessor-version":[{"id":153,"href":"https:\/\/www.gebaut.com.br\/montreux\/index.php?rest_route=\/wp\/v2\/pages\/36\/revisions\/153"}],"wp:attachment":[{"href":"https:\/\/www.gebaut.com.br\/montreux\/index.php?rest_route=%2Fwp%2Fv2%2Fmedia&parent=36"}],"curies":[{"name":"wp","href":"https:\/\/api.w.org\/{rel}","templated":true}]}}