{"id":38,"date":"2020-09-09T14:05:26","date_gmt":"2020-09-09T17:05:26","guid":{"rendered":"https:\/\/www.gebaut.com.br\/montreux\/?page_id=38"},"modified":"2020-09-09T18:49:52","modified_gmt":"2020-09-09T21:49:52","slug":"storage-lot","status":"publish","type":"page","link":"https:\/\/www.gebaut.com.br\/montreux\/?page_id=38","title":{"rendered":"Storage Lot"},"content":{"rendered":"\t\t<div data-elementor-type=\"wp-page\" data-elementor-id=\"38\" class=\"elementor elementor-38\" data-elementor-settings=\"[]\">\n\t\t\t\t\t\t<div class=\"elementor-inner\">\n\t\t\t\t\t\t\t<div class=\"elementor-section-wrap\">\n\t\t\t\t\t\t\t<section class=\"elementor-section elementor-top-section elementor-element elementor-element-1b35c170 elementor-section-boxed elementor-section-height-default elementor-section-height-default\" data-id=\"1b35c170\" data-element_type=\"section\">\n\t\t\t\t\t\t<div class=\"elementor-container elementor-column-gap-default\">\n\t\t\t\t\t\t\t<div class=\"elementor-row\">\n\t\t\t\t\t<div class=\"elementor-column elementor-col-50 elementor-top-column elementor-element elementor-element-494ef39c\" data-id=\"494ef39c\" data-element_type=\"column\">\n\t\t\t<div class=\"elementor-column-wrap elementor-element-populated\">\n\t\t\t\t\t\t\t<div class=\"elementor-widget-wrap\">\n\t\t\t\t\t\t<div class=\"elementor-element elementor-element-6be2169a elementor-widget elementor-widget-image\" data-id=\"6be2169a\" data-element_type=\"widget\" data-widget_type=\"image.default\">\n\t\t\t\t<div class=\"elementor-widget-container\">\n\t\t\t\t\t\t\t\t<div class=\"elementor-image\">\n\t\t\t\t\t\t\t\t\t\t\t\t<img decoding=\"async\" width=\"600\" height=\"330\" src=\"https:\/\/www.gebaut.com.br\/montreux\/wp-content\/uploads\/2020\/09\/garagem.jpg\" class=\"attachment-large size-large\" alt=\"\" loading=\"lazy\" \/>\t\t\t\t\t\t\t\t\t\t\t\t\t\t<\/div>\n\t\t\t\t\t\t<\/div>\n\t\t\t\t<\/div>\n\t\t\t\t\t\t<\/div>\n\t\t\t\t\t<\/div>\n\t\t<\/div>\n\t\t\t\t<div class=\"elementor-column elementor-col-50 elementor-top-column elementor-element elementor-element-d5bb6e5\" data-id=\"d5bb6e5\" data-element_type=\"column\">\n\t\t\t<div class=\"elementor-column-wrap elementor-element-populated\">\n\t\t\t\t\t\t\t<div class=\"elementor-widget-wrap\">\n\t\t\t\t\t\t<section class=\"elementor-section elementor-inner-section elementor-element elementor-element-37ab421 elementor-section-boxed elementor-section-height-default elementor-section-height-default\" data-id=\"37ab421\" data-element_type=\"section\">\n\t\t\t\t\t\t<div class=\"elementor-container elementor-column-gap-default\">\n\t\t\t\t\t\t\t<div class=\"elementor-row\">\n\t\t\t\t\t<div class=\"elementor-column elementor-col-50 elementor-inner-column elementor-element elementor-element-14b3bee\" data-id=\"14b3bee\" data-element_type=\"column\">\n\t\t\t<div class=\"elementor-column-wrap elementor-element-populated\">\n\t\t\t\t\t\t\t<div class=\"elementor-widget-wrap\">\n\t\t\t\t\t\t<div class=\"elementor-element elementor-element-f503c9a elementor-widget elementor-widget-image\" data-id=\"f503c9a\" data-element_type=\"widget\" data-widget_type=\"image.default\">\n\t\t\t\t<div class=\"elementor-widget-container\">\n\t\t\t\t\t\t\t\t<div class=\"elementor-image\">\n\t\t\t\t\t\t\t\t\t\t\t\t<img decoding=\"async\" width=\"30\" height=\"40\" src=\"https:\/\/www.gebaut.com.br\/montreux\/wp-content\/uploads\/2020\/09\/simbol.png\" class=\"attachment-large size-large\" alt=\"\" loading=\"lazy\" \/>\t\t\t\t\t\t\t\t\t\t\t\t\t\t<\/div>\n\t\t\t\t\t\t<\/div>\n\t\t\t\t<\/div>\n\t\t\t\t\t\t<\/div>\n\t\t\t\t\t<\/div>\n\t\t<\/div>\n\t\t\t\t<div class=\"elementor-column elementor-col-50 elementor-inner-column elementor-element elementor-element-5ab1384\" data-id=\"5ab1384\" data-element_type=\"column\">\n\t\t\t<div class=\"elementor-column-wrap elementor-element-populated\">\n\t\t\t\t\t\t\t<div class=\"elementor-widget-wrap\">\n\t\t\t\t\t\t<div class=\"elementor-element elementor-element-d171865 elementor-widget elementor-widget-heading\" data-id=\"d171865\" data-element_type=\"widget\" data-widget_type=\"heading.default\">\n\t\t\t\t<div class=\"elementor-widget-container\">\n\t\t\t<h2 class=\"elementor-heading-title elementor-size-default\">Storage Lot<\/h2>\t\t<\/div>\n\t\t\t\t<\/div>\n\t\t\t\t\t\t<\/div>\n\t\t\t\t\t<\/div>\n\t\t<\/div>\n\t\t\t\t\t\t\t\t<\/div>\n\t\t\t\t\t<\/div>\n\t\t<\/section>\n\t\t\t\t<div class=\"elementor-element elementor-element-808b44f elementor-widget elementor-widget-text-editor\" data-id=\"808b44f\" data-element_type=\"widget\" data-widget_type=\"text-editor.default\">\n\t\t\t\t<div class=\"elementor-widget-container\">\n\t\t\t\t\t\t\t\t<div class=\"elementor-text-editor elementor-clearfix\">\n\t\t\t\t<p>Alinhado com novas tend\u00eancias, o Montreux adota um conceito mais amplo para o espa\u00e7o da garagem. Cada uma de suas unidades conta com acesso por corredor interno e \u00e9 atendida por redes hidr\u00e1ulica, el\u00e9trica e de sinal da respectiva unidade.<\/p><p>Essas caracter\u00edsticas oferecem aos seus propriet\u00e1rios a flexibilidade para configurar a \u00e1rea da forma mais adequada \u00e0s suas necessidades &#8211; desde garagem para 4 autom\u00f3veis at\u00e9 est\u00fadios ou dep\u00f3sitos &#8211; al\u00e9m da comodidade de acessar a unidade pela garagem fechada, fora do vento e da umidade.<\/p><p>\u00c1rea Privativa da Garagem de 58,26m\u00b2 e \u00c1rea Total de 66,61m\u00b2.<\/p>\t\t\t\t\t<\/div>\n\t\t\t\t\t\t<\/div>\n\t\t\t\t<\/div>\n\t\t\t\t\t\t<\/div>\n\t\t\t\t\t<\/div>\n\t\t<\/div>\n\t\t\t\t\t\t\t\t<\/div>\n\t\t\t\t\t<\/div>\n\t\t<\/section>\n\t\t\t\t\t\t<\/div>\n\t\t\t\t\t\t<\/div>\n\t\t\t\t\t<\/div>\n\t\t","protected":false},"excerpt":{"rendered":"<p>Storage Lot Alinhado com novas tend\u00eancias, o Montreux adota um conceito mais amplo para o espa\u00e7o da garagem. Cada uma de suas unidades conta com acesso por corredor interno e \u00e9 atendida por redes hidr\u00e1ulica, el\u00e9trica e de sinal da respectiva unidade. Essas caracter\u00edsticas oferecem aos seus propriet\u00e1rios a flexibilidade para configurar a \u00e1rea da [&hellip;]<\/p>\n","protected":false},"author":1,"featured_media":0,"parent":0,"menu_order":0,"comment_status":"closed","ping_status":"closed","template":"elementor_header_footer","meta":[],"yoast_head":"<!-- This site is optimized with the Yoast SEO plugin v14.9 - https:\/\/yoast.com\/wordpress\/plugins\/seo\/ -->\n<title>Storage Lot - Montreux<\/title>\n<meta name=\"robots\" content=\"index, follow, max-snippet:-1, max-image-preview:large, max-video-preview:-1\" \/>\n<link rel=\"canonical\" href=\"https:\/\/www.gebaut.com.br\/montreux\/?page_id=38\" \/>\n<meta property=\"og:locale\" content=\"pt_BR\" \/>\n<meta property=\"og:type\" content=\"article\" \/>\n<meta property=\"og:title\" content=\"Storage Lot - Montreux\" \/>\n<meta property=\"og:description\" content=\"Storage Lot Alinhado com novas tend\u00eancias, o Montreux adota um conceito mais amplo para o espa\u00e7o da garagem. Cada uma de suas unidades conta com acesso por corredor interno e \u00e9 atendida por redes hidr\u00e1ulica, el\u00e9trica e de sinal da respectiva unidade. Essas caracter\u00edsticas oferecem aos seus propriet\u00e1rios a flexibilidade para configurar a \u00e1rea da [&hellip;]\" \/>\n<meta property=\"og:url\" content=\"https:\/\/www.gebaut.com.br\/montreux\/?page_id=38\" \/>\n<meta property=\"og:site_name\" content=\"Montreux\" \/>\n<meta property=\"article:modified_time\" content=\"2020-09-09T21:49:52+00:00\" \/>\n<meta property=\"og:image\" content=\"https:\/\/www.gebaut.com.br\/montreux\/wp-content\/uploads\/2020\/09\/garagem.jpg\" \/>\n<meta name=\"twitter:card\" content=\"summary_large_image\" \/>\n<script type=\"application\/ld+json\" class=\"yoast-schema-graph\">{\"@context\":\"https:\/\/schema.org\",\"@graph\":[{\"@type\":\"WebSite\",\"@id\":\"https:\/\/www.gebaut.com.br\/montreux\/#website\",\"url\":\"https:\/\/www.gebaut.com.br\/montreux\/\",\"name\":\"Montreux\",\"description\":\"Empreendimento de Alto Padr\\u00e3o em Gramado\/RS\",\"potentialAction\":[{\"@type\":\"SearchAction\",\"target\":\"https:\/\/www.gebaut.com.br\/montreux\/?s={search_term_string}\",\"query-input\":\"required name=search_term_string\"}],\"inLanguage\":\"pt-BR\"},{\"@type\":\"ImageObject\",\"@id\":\"https:\/\/www.gebaut.com.br\/montreux\/?page_id=38#primaryimage\",\"inLanguage\":\"pt-BR\",\"url\":\"https:\/\/www.gebaut.com.br\/montreux\/wp-content\/uploads\/2020\/09\/garagem.jpg\",\"width\":600,\"height\":330},{\"@type\":\"WebPage\",\"@id\":\"https:\/\/www.gebaut.com.br\/montreux\/?page_id=38#webpage\",\"url\":\"https:\/\/www.gebaut.com.br\/montreux\/?page_id=38\",\"name\":\"Storage Lot - Montreux\",\"isPartOf\":{\"@id\":\"https:\/\/www.gebaut.com.br\/montreux\/#website\"},\"primaryImageOfPage\":{\"@id\":\"https:\/\/www.gebaut.com.br\/montreux\/?page_id=38#primaryimage\"},\"datePublished\":\"2020-09-09T17:05:26+00:00\",\"dateModified\":\"2020-09-09T21:49:52+00:00\",\"inLanguage\":\"pt-BR\",\"potentialAction\":[{\"@type\":\"ReadAction\",\"target\":[\"https:\/\/www.gebaut.com.br\/montreux\/?page_id=38\"]}]}]}<\/script>\n<!-- \/ Yoast SEO plugin. -->","_links":{"self":[{"href":"https:\/\/www.gebaut.com.br\/montreux\/index.php?rest_route=\/wp\/v2\/pages\/38"}],"collection":[{"href":"https:\/\/www.gebaut.com.br\/montreux\/index.php?rest_route=\/wp\/v2\/pages"}],"about":[{"href":"https:\/\/www.gebaut.com.br\/montreux\/index.php?rest_route=\/wp\/v2\/types\/page"}],"author":[{"embeddable":true,"href":"https:\/\/www.gebaut.com.br\/montreux\/index.php?rest_route=\/wp\/v2\/users\/1"}],"replies":[{"embeddable":true,"href":"https:\/\/www.gebaut.com.br\/montreux\/index.php?rest_route=%2Fwp%2Fv2%2Fcomments&post=38"}],"version-history":[{"count":3,"href":"https:\/\/www.gebaut.com.br\/montreux\/index.php?rest_route=\/wp\/v2\/pages\/38\/revisions"}],"predecessor-version":[{"id":154,"href":"https:\/\/www.gebaut.com.br\/montreux\/index.php?rest_route=\/wp\/v2\/pages\/38\/revisions\/154"}],"wp:attachment":[{"href":"https:\/\/www.gebaut.com.br\/montreux\/index.php?rest_route=%2Fwp%2Fv2%2Fmedia&parent=38"}],"curies":[{"name":"wp","href":"https:\/\/api.w.org\/{rel}","templated":true}]}}