{"id":20,"date":"2020-10-06T11:21:36","date_gmt":"2020-10-06T14:21:36","guid":{"rendered":"https:\/\/www.gebaut.com.br\/villedegrenoble\/?page_id=20"},"modified":"2020-10-12T15:27:04","modified_gmt":"2020-10-12T18:27:04","slug":"apresentacao","status":"publish","type":"page","link":"https:\/\/www.gebaut.com.br\/villedegrenoble\/?page_id=20","title":{"rendered":"Apresenta\u00e7\u00e3o"},"content":{"rendered":"\t\t<div data-elementor-type=\"wp-page\" data-elementor-id=\"20\" class=\"elementor elementor-20\" data-elementor-settings=\"[]\">\n\t\t\t\t\t\t<div class=\"elementor-inner\">\n\t\t\t\t\t\t\t<div class=\"elementor-section-wrap\">\n\t\t\t\t\t\t\t<section class=\"elementor-section elementor-top-section elementor-element elementor-element-74b24516 elementor-section-boxed elementor-section-height-default elementor-section-height-default\" data-id=\"74b24516\" data-element_type=\"section\" data-settings=\"{&quot;background_background&quot;:&quot;classic&quot;}\">\n\t\t\t\t\t\t<div class=\"elementor-container elementor-column-gap-default\">\n\t\t\t\t\t\t\t<div class=\"elementor-row\">\n\t\t\t\t\t<div class=\"elementor-column elementor-col-100 elementor-top-column elementor-element elementor-element-101065fe\" data-id=\"101065fe\" data-element_type=\"column\">\n\t\t\t<div class=\"elementor-column-wrap elementor-element-populated\">\n\t\t\t\t\t\t\t<div class=\"elementor-widget-wrap\">\n\t\t\t\t\t\t<div class=\"elementor-element elementor-element-e7b4a78 elementor-arrows-position-inside elementor-pagination-position-outside elementor-widget elementor-widget-image-carousel\" data-id=\"e7b4a78\" data-element_type=\"widget\" data-settings=\"{&quot;slides_to_show&quot;:&quot;1&quot;,&quot;navigation&quot;:&quot;both&quot;,&quot;autoplay&quot;:&quot;yes&quot;,&quot;pause_on_hover&quot;:&quot;yes&quot;,&quot;pause_on_interaction&quot;:&quot;yes&quot;,&quot;autoplay_speed&quot;:5000,&quot;infinite&quot;:&quot;yes&quot;,&quot;effect&quot;:&quot;slide&quot;,&quot;speed&quot;:500}\" data-widget_type=\"image-carousel.default\">\n\t\t\t\t<div class=\"elementor-widget-container\">\n\t\t\t\t\t<div class=\"elementor-image-carousel-wrapper swiper-container\" dir=\"ltr\">\n\t\t\t<div class=\"elementor-image-carousel swiper-wrapper\">\n\t\t\t\t<div class=\"swiper-slide\"><figure class=\"swiper-slide-inner\"><img decoding=\"async\" class=\"swiper-slide-image\" src=\"https:\/\/www.gebaut.com.br\/villedegrenoble\/wp-content\/uploads\/2020\/10\/slide1.jpg\" alt=\"slide1\" \/><\/figure><\/div><div class=\"swiper-slide\"><figure class=\"swiper-slide-inner\"><img decoding=\"async\" class=\"swiper-slide-image\" src=\"https:\/\/www.gebaut.com.br\/villedegrenoble\/wp-content\/uploads\/2020\/10\/slide2.jpg\" alt=\"slide2\" \/><\/figure><\/div>\t\t\t<\/div>\n\t\t\t\t\t\t\t\t\t\t\t\t<div class=\"swiper-pagination\"><\/div>\n\t\t\t\t\t\t\t\t\t\t\t\t\t<div class=\"elementor-swiper-button elementor-swiper-button-prev\">\n\t\t\t\t\t\t<i class=\"eicon-chevron-left\" aria-hidden=\"true\"><\/i>\n\t\t\t\t\t\t<span class=\"elementor-screen-only\">Anterior<\/span>\n\t\t\t\t\t<\/div>\n\t\t\t\t\t<div class=\"elementor-swiper-button elementor-swiper-button-next\">\n\t\t\t\t\t\t<i class=\"eicon-chevron-right\" aria-hidden=\"true\"><\/i>\n\t\t\t\t\t\t<span class=\"elementor-screen-only\">Pr\u00f3ximo<\/span>\n\t\t\t\t\t<\/div>\n\t\t\t\t\t\t\t\t\t<\/div>\n\t\t\t\t<\/div>\n\t\t\t\t<\/div>\n\t\t\t\t\t\t<\/div>\n\t\t\t\t\t<\/div>\n\t\t<\/div>\n\t\t\t\t\t\t\t\t<\/div>\n\t\t\t\t\t<\/div>\n\t\t<\/section>\n\t\t\t\t<section class=\"elementor-section elementor-top-section elementor-element elementor-element-27a2df7 elementor-section-height-min-height elementor-section-items-top elementor-section-boxed elementor-section-height-default\" data-id=\"27a2df7\" data-element_type=\"section\" data-settings=\"{&quot;background_background&quot;:&quot;classic&quot;}\">\n\t\t\t\t\t\t<div class=\"elementor-container elementor-column-gap-default\">\n\t\t\t\t\t\t\t<div class=\"elementor-row\">\n\t\t\t\t\t<div class=\"elementor-column elementor-col-100 elementor-top-column elementor-element elementor-element-833c660\" data-id=\"833c660\" data-element_type=\"column\">\n\t\t\t<div class=\"elementor-column-wrap elementor-element-populated\">\n\t\t\t\t\t\t\t<div class=\"elementor-widget-wrap\">\n\t\t\t\t\t\t<div class=\"elementor-element elementor-element-560f882 elementor-widget elementor-widget-heading\" data-id=\"560f882\" data-element_type=\"widget\" data-widget_type=\"heading.default\">\n\t\t\t\t<div class=\"elementor-widget-container\">\n\t\t\t<h2 class=\"elementor-heading-title elementor-size-default\">APRESENTA\u00c7\u00c3O<\/h2>\t\t<\/div>\n\t\t\t\t<\/div>\n\t\t\t\t\t\t<\/div>\n\t\t\t\t\t<\/div>\n\t\t<\/div>\n\t\t\t\t\t\t\t\t<\/div>\n\t\t\t\t\t<\/div>\n\t\t<\/section>\n\t\t\t\t<section class=\"elementor-section elementor-top-section elementor-element elementor-element-01b1586 elementor-section-boxed elementor-section-height-default elementor-section-height-default\" data-id=\"01b1586\" data-element_type=\"section\">\n\t\t\t\t\t\t<div class=\"elementor-container elementor-column-gap-default\">\n\t\t\t\t\t\t\t<div class=\"elementor-row\">\n\t\t\t\t\t<div class=\"elementor-column elementor-col-100 elementor-top-column elementor-element elementor-element-f03718b\" data-id=\"f03718b\" data-element_type=\"column\" data-settings=\"{&quot;background_background&quot;:&quot;classic&quot;}\">\n\t\t\t<div class=\"elementor-column-wrap elementor-element-populated\">\n\t\t\t\t\t\t\t<div class=\"elementor-widget-wrap\">\n\t\t\t\t\t\t<div class=\"elementor-element elementor-element-19d69be elementor-widget elementor-widget-text-editor\" data-id=\"19d69be\" data-element_type=\"widget\" data-widget_type=\"text-editor.default\">\n\t\t\t\t<div class=\"elementor-widget-container\">\n\t\t\t\t\t<div class=\"elementor-text-editor elementor-clearfix\"><p>O Ville de Grenoble \u00e9 muito mais do que um empreendimento, \u00e9 uma inspira\u00e7\u00e3o \u00e0 sofistica\u00e7\u00e3o, ao conforto e a exclusividade que voc\u00ea merece. A obra incorpora os recursos mais modernos e atuais, para o conforto, bem-estar e seguran\u00e7a de seus propriet\u00e1rios.<\/p><p>Sua localiza\u00e7\u00e3o \u00e9 nobre e privilegiada, aliando a proximidade com o centro e o charme do verde exuberante da mata nativa. Com caracter\u00edsticas que o tornam \u00fanico, sua personalidade se evidencia em cada um dos detalhes que incorpora.<\/p><\/div>\n\t\t\t\t<\/div>\n\t\t\t\t<\/div>\n\t\t\t\t<section class=\"elementor-section elementor-inner-section elementor-element elementor-element-2cb83f9 elementor-section-boxed elementor-section-height-default elementor-section-height-default\" data-id=\"2cb83f9\" data-element_type=\"section\">\n\t\t\t\t\t\t<div class=\"elementor-container elementor-column-gap-no\">\n\t\t\t\t\t\t\t<div class=\"elementor-row\">\n\t\t\t\t\t<div class=\"elementor-column elementor-col-50 elementor-inner-column elementor-element elementor-element-776e547\" data-id=\"776e547\" data-element_type=\"column\">\n\t\t\t<div class=\"elementor-column-wrap elementor-element-populated\">\n\t\t\t\t\t\t\t<div class=\"elementor-widget-wrap\">\n\t\t\t\t\t\t<div class=\"elementor-element elementor-element-86eb2ef elementor-widget elementor-widget-text-editor\" data-id=\"86eb2ef\" data-element_type=\"widget\" data-widget_type=\"text-editor.default\">\n\t\t\t\t<div class=\"elementor-widget-container\">\n\t\t\t\t\t<div class=\"elementor-text-editor elementor-clearfix\">O projeto confere conforto t\u00e9rmico e ac\u00fastico atrav\u00e9s de itens como paredes e esquadrias externas duplas, pisos com prote\u00e7\u00e3o ac\u00fastica, prepara\u00e7\u00e3o para redes de calefa\u00e7\u00e3o e split&#8217;s; Oferece plantas completas com espa\u00e7os bem definidos, privilegiando a individualidade de seus propriet\u00e1rios.<\/div>\n\t\t\t\t<\/div>\n\t\t\t\t<\/div>\n\t\t\t\t\t\t<\/div>\n\t\t\t\t\t<\/div>\n\t\t<\/div>\n\t\t\t\t<div class=\"elementor-column elementor-col-50 elementor-inner-column elementor-element elementor-element-3ba7b28\" data-id=\"3ba7b28\" data-element_type=\"column\">\n\t\t\t<div class=\"elementor-column-wrap elementor-element-populated\">\n\t\t\t\t\t\t\t<div class=\"elementor-widget-wrap\">\n\t\t\t\t\t\t<div class=\"elementor-element elementor-element-c9b39b8 elementor-widget elementor-widget-heading\" data-id=\"c9b39b8\" data-element_type=\"widget\" data-widget_type=\"heading.default\">\n\t\t\t\t<div class=\"elementor-widget-container\">\n\t\t\t<p class=\"elementor-heading-title elementor-size-default\">BEM-ESTAR, SEGURAN\u00c7A E SUSTENTABILIDADE<\/p>\t\t<\/div>\n\t\t\t\t<\/div>\n\t\t\t\t<div class=\"elementor-element elementor-element-4890e61 elementor-widget elementor-widget-heading\" data-id=\"4890e61\" data-element_type=\"widget\" data-widget_type=\"heading.default\">\n\t\t\t\t<div class=\"elementor-widget-container\">\n\t\t\t<p class=\"elementor-heading-title elementor-size-default\">- Ville de Grenoble em Gramado\/RS<\/p>\t\t<\/div>\n\t\t\t\t<\/div>\n\t\t\t\t<div class=\"elementor-element elementor-element-0bf4c3b elementor-align-right elementor-mobile-align-center elementor-widget elementor-widget-button\" data-id=\"0bf4c3b\" data-element_type=\"widget\" data-widget_type=\"button.default\">\n\t\t\t\t<div class=\"elementor-widget-container\">\n\t\t\t\t\t<div class=\"elementor-button-wrapper\">\n\t\t\t<a href=\"http:\/\/gebaut.web205.uni5.net\/villedegrenoble\/wp-content\/uploads\/2020\/10\/folder.pdf\" target=\"_blank\" class=\"elementor-button-link elementor-button elementor-size-sm\" role=\"button\">\n\t\t\t\t\t\t<span class=\"elementor-button-content-wrapper\">\n\t\t\t\t\t\t<span class=\"elementor-button-text\">Visualizar folder<\/span>\n\t\t<\/span>\n\t\t\t\t\t<\/a>\n\t\t<\/div>\n\t\t\t\t<\/div>\n\t\t\t\t<\/div>\n\t\t\t\t\t\t<\/div>\n\t\t\t\t\t<\/div>\n\t\t<\/div>\n\t\t\t\t\t\t\t\t<\/div>\n\t\t\t\t\t<\/div>\n\t\t<\/section>\n\t\t\t\t<div class=\"elementor-element elementor-element-e0c4340 elementor-widget elementor-widget-text-editor\" data-id=\"e0c4340\" data-element_type=\"widget\" data-widget_type=\"text-editor.default\">\n\t\t\t\t<div class=\"elementor-widget-container\">\n\t\t\t\t\t<div class=\"elementor-text-editor elementor-clearfix\"><p>Com um projeto moderno, o Ville de Grenoble foi equipado com sistemas de aspira\u00e7\u00e3o central e persianas externas das su\u00edtes motorizadas, rede de telefonia e comunica\u00e7\u00e3o de dados. Adicionalmente os apartamentos s\u00e3o entregues com infra-estrutura para ado\u00e7\u00e3o de controles residenciais tais como ilumina\u00e7\u00e3o c\u00eanicas com comando el\u00e9trico.<\/p><p>Alinhado com as quest\u00f5es ambientais, o Ville de Grenoble conta tamb\u00e9m com sistema de aproveitamento de \u00e1gua de chuva, dispositivo inteligente para controle das ilumina\u00e7\u00e3o do jardim e medidores individuais de \u00e1gua, luz e g\u00e1z. Al\u00e9m de permitir o uso racional dos recursos naturais esses dispositivos preservam as taxas condominiais.<\/p><\/div>\n\t\t\t\t<\/div>\n\t\t\t\t<\/div>\n\t\t\t\t\t\t<\/div>\n\t\t\t\t\t<\/div>\n\t\t<\/div>\n\t\t\t\t\t\t\t\t<\/div>\n\t\t\t\t\t<\/div>\n\t\t<\/section>\n\t\t\t\t\t\t<\/div>\n\t\t\t\t\t\t<\/div>\n\t\t\t\t\t<\/div>\n\t\t","protected":false},"excerpt":{"rendered":"<p>Anterior Pr\u00f3ximo APRESENTA\u00c7\u00c3O O Ville de Grenoble \u00e9 muito mais do que um empreendimento, \u00e9 uma inspira\u00e7\u00e3o \u00e0 sofistica\u00e7\u00e3o, ao conforto e a exclusividade que voc\u00ea merece. A obra incorpora os recursos mais modernos e atuais, para o conforto, bem-estar e seguran\u00e7a de seus propriet\u00e1rios. Sua localiza\u00e7\u00e3o \u00e9 nobre e privilegiada, aliando a proximidade com [&hellip;]<\/p>\n","protected":false},"author":1,"featured_media":0,"parent":0,"menu_order":0,"comment_status":"closed","ping_status":"closed","template":"elementor_header_footer","meta":[],"_links":{"self":[{"href":"https:\/\/www.gebaut.com.br\/villedegrenoble\/index.php?rest_route=\/wp\/v2\/pages\/20"}],"collection":[{"href":"https:\/\/www.gebaut.com.br\/villedegrenoble\/index.php?rest_route=\/wp\/v2\/pages"}],"about":[{"href":"https:\/\/www.gebaut.com.br\/villedegrenoble\/index.php?rest_route=\/wp\/v2\/types\/page"}],"author":[{"embeddable":true,"href":"https:\/\/www.gebaut.com.br\/villedegrenoble\/index.php?rest_route=\/wp\/v2\/users\/1"}],"replies":[{"embeddable":true,"href":"https:\/\/www.gebaut.com.br\/villedegrenoble\/index.php?rest_route=%2Fwp%2Fv2%2Fcomments&post=20"}],"version-history":[{"count":9,"href":"https:\/\/www.gebaut.com.br\/villedegrenoble\/index.php?rest_route=\/wp\/v2\/pages\/20\/revisions"}],"predecessor-version":[{"id":131,"href":"https:\/\/www.gebaut.com.br\/villedegrenoble\/index.php?rest_route=\/wp\/v2\/pages\/20\/revisions\/131"}],"wp:attachment":[{"href":"https:\/\/www.gebaut.com.br\/villedegrenoble\/index.php?rest_route=%2Fwp%2Fv2%2Fmedia&parent=20"}],"curies":[{"name":"wp","href":"https:\/\/api.w.org\/{rel}","templated":true}]}}