{"id":24,"date":"2020-10-06T11:21:58","date_gmt":"2020-10-06T14:21:58","guid":{"rendered":"https:\/\/www.gebaut.com.br\/villedegrenoble\/?page_id=24"},"modified":"2020-10-12T15:27:45","modified_gmt":"2020-10-12T18:27:45","slug":"ficha-tecnica","status":"publish","type":"page","link":"https:\/\/www.gebaut.com.br\/villedegrenoble\/?page_id=24","title":{"rendered":"Ficha T\u00e9cnica"},"content":{"rendered":"\t\t<div data-elementor-type=\"wp-page\" data-elementor-id=\"24\" class=\"elementor elementor-24\" data-elementor-settings=\"[]\">\n\t\t\t\t\t\t<div class=\"elementor-inner\">\n\t\t\t\t\t\t\t<div class=\"elementor-section-wrap\">\n\t\t\t\t\t\t\t<section class=\"elementor-section elementor-top-section elementor-element elementor-element-54cafd27 elementor-section-height-min-height elementor-section-items-top elementor-section-boxed elementor-section-height-default\" data-id=\"54cafd27\" data-element_type=\"section\" data-settings=\"{&quot;background_background&quot;:&quot;classic&quot;}\">\n\t\t\t\t\t\t<div class=\"elementor-container elementor-column-gap-default\">\n\t\t\t\t\t\t\t<div class=\"elementor-row\">\n\t\t\t\t\t<div class=\"elementor-column elementor-col-100 elementor-top-column elementor-element elementor-element-7f1d2015\" data-id=\"7f1d2015\" data-element_type=\"column\">\n\t\t\t<div class=\"elementor-column-wrap elementor-element-populated\">\n\t\t\t\t\t\t\t<div class=\"elementor-widget-wrap\">\n\t\t\t\t\t\t<div class=\"elementor-element elementor-element-4f5ed842 elementor-widget elementor-widget-heading\" data-id=\"4f5ed842\" data-element_type=\"widget\" data-widget_type=\"heading.default\">\n\t\t\t\t<div class=\"elementor-widget-container\">\n\t\t\t<h2 class=\"elementor-heading-title elementor-size-default\">FICHA T\u00c9CNICA<\/h2>\t\t<\/div>\n\t\t\t\t<\/div>\n\t\t\t\t\t\t<\/div>\n\t\t\t\t\t<\/div>\n\t\t<\/div>\n\t\t\t\t\t\t\t\t<\/div>\n\t\t\t\t\t<\/div>\n\t\t<\/section>\n\t\t\t\t<section class=\"elementor-section elementor-top-section elementor-element elementor-element-7cd3c375 elementor-section-boxed elementor-section-height-default elementor-section-height-default\" data-id=\"7cd3c375\" data-element_type=\"section\">\n\t\t\t\t\t\t<div class=\"elementor-container elementor-column-gap-default\">\n\t\t\t\t\t\t\t<div class=\"elementor-row\">\n\t\t\t\t\t<div class=\"elementor-column elementor-col-100 elementor-top-column elementor-element elementor-element-3f97cd5c\" data-id=\"3f97cd5c\" data-element_type=\"column\" data-settings=\"{&quot;background_background&quot;:&quot;classic&quot;}\">\n\t\t\t<div class=\"elementor-column-wrap elementor-element-populated\">\n\t\t\t\t\t\t\t<div class=\"elementor-widget-wrap\">\n\t\t\t\t\t\t<div class=\"elementor-element elementor-element-7d3f9b72 elementor-widget elementor-widget-text-editor\" data-id=\"7d3f9b72\" data-element_type=\"widget\" data-widget_type=\"text-editor.default\">\n\t\t\t\t<div class=\"elementor-widget-container\">\n\t\t\t\t\t<div class=\"elementor-text-editor elementor-clearfix\"><p><strong>DIFERENCIAIS<\/strong><br \/>Excelente posi\u00e7\u00e3o solar;<br \/>Terreno amplo e arejado;<br \/>Apenas seis unidades exclusivas, atendidas por elevador;<br \/>Localiza\u00e7\u00e3o privilegiada em bairro nobre, pr\u00f3ximo ao centro da cidade;<br \/>Plantas completas com op\u00e7\u00f5es de 2 ou 3 su\u00edtes.<\/p><\/div>\n\t\t\t\t<\/div>\n\t\t\t\t<\/div>\n\t\t\t\t\t\t<\/div>\n\t\t\t\t\t<\/div>\n\t\t<\/div>\n\t\t\t\t\t\t\t\t<\/div>\n\t\t\t\t\t<\/div>\n\t\t<\/section>\n\t\t\t\t<section class=\"elementor-section elementor-top-section elementor-element elementor-element-788b7c6c elementor-section-full_width elementor-section-height-default elementor-section-height-default\" data-id=\"788b7c6c\" data-element_type=\"section\">\n\t\t\t\t\t\t<div class=\"elementor-container elementor-column-gap-default\">\n\t\t\t\t\t\t\t<div class=\"elementor-row\">\n\t\t\t\t\t<div class=\"elementor-column elementor-col-100 elementor-top-column elementor-element elementor-element-1da19c1b\" data-id=\"1da19c1b\" data-element_type=\"column\" data-settings=\"{&quot;background_background&quot;:&quot;classic&quot;}\">\n\t\t\t<div class=\"elementor-column-wrap elementor-element-populated\">\n\t\t\t\t\t\t\t<div class=\"elementor-widget-wrap\">\n\t\t\t\t\t\t<div class=\"elementor-element elementor-element-02f0a7f elementor-widget elementor-widget-text-editor\" data-id=\"02f0a7f\" data-element_type=\"widget\" data-widget_type=\"text-editor.default\">\n\t\t\t\t<div class=\"elementor-widget-container\">\n\t\t\t\t\t<div class=\"elementor-text-editor elementor-clearfix\"><table class=\"table table-striped table-bordered\"><thead><tr><th class=\"name\">\u00a0<\/th><th>Sala de Estar \/ Jantar<\/th><th>Su\u00edtes<\/th><th>Banheiros Su\u00edtes<\/th><th>Cozinha<\/th><th>Lavanderia<\/th><th>Banheiro de Servi\u00e7o<\/th><th>Lavabo<\/th><th>Circula\u00e7\u00e3o<\/th><th>Espa\u00e7o de Servi\u00e7o<\/th><\/tr><\/thead><tbody><tr><td class=\"name\">Paredes<\/td><td>Massa Corrida<\/td><td>Massa Corrida<\/td><td>Cer\u00e2mico 30&#215;60<\/td><td>Massa Corrida<\/td><td>Cer\u00e2mico 40&#215;40<\/td><td>Cer\u00e2mico 40&#215;40<\/td><td>Massa Corrida<\/td><td>Massa Corrida<\/td><td>Massa Corrida<\/td><\/tr><tr><td class=\"name\">Piso<\/td><td>Vin\u00edlico Tarket<\/td><td>Vin\u00edlico Tarket<\/td><td>Cer\u00e2mico 30&#215;30<\/td><td>Porcelanato 61&#215;61<\/td><td>Porcelanato 61&#215;61<\/td><td>Porcelanato 61&#215;61<\/td><td>Vin\u00edlico Tarket<\/td><td>Vin\u00edlico Tarket<\/td><td>Porcelanato 61&#215;61<\/td><\/tr><tr><td class=\"name\">Forro<\/td><td>Gesso c\/ Sanca<\/td><td>Gesso c\/ Sanca<\/td><td>Gesso<\/td><td>Gesso<\/td><td>Gesso<\/td><td>Gesso<\/td><td>Gesso<\/td><td>Gesso<\/td><td>Gesso<\/td><\/tr><tr><td class=\"name\">Esquadrias<\/td><td colspan=\"4\">PVC padr\u00e3o Europeu na cor branca<\/td><td>\u00a0<\/td><td>\u00a0<\/td><td>\u00a0<\/td><td>\u00a0<\/td><td>\u00a0<\/td><\/tr><tr><td class=\"name\">Vidros<\/td><td colspan=\"4\">Vidros Duplos 6-10-4<\/td><td>\u00a0<\/td><td>\u00a0<\/td><td>\u00a0<\/td><td>\u00a0<\/td><td>\u00a0<\/td><\/tr><tr><td class=\"name\">Tela Mosquiteira<\/td><td>X<\/td><td>X<\/td><td>X<\/td><td>X<\/td><td>\u00a0<\/td><td>X<\/td><td>\u00a0<\/td><td>\u00a0<\/td><td>\u00a0<\/td><\/tr><tr><td class=\"name\">Persianas Motorizadas<\/td><td>\u00a0<\/td><td>X<\/td><td>\u00a0<\/td><td>\u00a0<\/td><td>\u00a0<\/td><td>\u00a0<\/td><td>\u00a0<\/td><td>\u00a0<\/td><td>\u00a0<\/td><\/tr><tr><td class=\"name\">Portas<\/td><td colspan=\"9\">Madeira &#8211; Pintura laqueado branco<\/td><\/tr><tr><td class=\"name\">Ferragens<\/td><td colspan=\"9\">IMAB<\/td><\/tr><tr><td class=\"name\">Espera para Split<\/td><td>X<\/td><td>X<\/td><td>\u00a0<\/td><td>\u00a0<\/td><td>\u00a0<\/td><td>\u00a0<\/td><td>\u00a0<\/td><td>\u00a0<\/td><td>\u00a0<\/td><\/tr><tr><td class=\"name\">Espera para Calefa\u00e7\u00e3o<\/td><td>X<\/td><td>X<\/td><td>X<\/td><td>\u00a0<\/td><td>\u00a0<\/td><td>\u00a0<\/td><td>\u00a0<\/td><td>\u00a0<\/td><td>\u00a0<\/td><\/tr><tr><td class=\"name\">Bancadas em Granito Branco Marfim<\/td><td>\u00a0<\/td><td>\u00a0<\/td><td>\u00a0<\/td><td>3 metros lineares<\/td><td>\u00a0<\/td><td>\u00a0<\/td><td>\u00a0<\/td><td>\u00a0<\/td><td>\u00a0<\/td><\/tr><tr><td class=\"name\">Bancadas em M\u00e1rmore Travertino<\/td><td>\u00a0<\/td><td>\u00a0<\/td><td>1 metro linear<\/td><td>\u00a0<\/td><td>\u00a0<\/td><td>\u00a0<\/td><td>1 metro linear<\/td><td>\u00a0<\/td><td>\u00a0<\/td><\/tr><tr><td class=\"name\">Soleiras em Granito Branco Marfim<\/td><td>Lareira<\/td><td>\u00a0<\/td><td>\u00a0<\/td><td>Churrasqueira<\/td><td>\u00a0<\/td><td>\u00a0<\/td><td>\u00a0<\/td><td>\u00a0<\/td><td>\u00a0<\/td><\/tr><tr><td class=\"name\">Lou\u00e7as e Comandos padr\u00e3o Deca<\/td><td>\u00a0<\/td><td>\u00a0<\/td><td>X<\/td><td>X<\/td><td>X<\/td><td>X<\/td><td>X<\/td><td>\u00a0<\/td><td>\u00a0<\/td><\/tr><tr><td class=\"name\">Ponto de telefone cabeado<\/td><td>X<\/td><td>X<\/td><td>\u00a0<\/td><td>\u00a0<\/td><td>\u00a0<\/td><td>\u00a0<\/td><td>\u00a0<\/td><td>\u00a0<\/td><td>\u00a0<\/td><\/tr><tr><td class=\"name\">Ponto de computador cabeado<\/td><td>X<\/td><td>X<\/td><td>\u00a0<\/td><td>\u00a0<\/td><td>\u00a0<\/td><td>\u00a0<\/td><td>\u00a0<\/td><td>\u00a0<\/td><td>\u00a0<\/td><\/tr><tr><td class=\"name\">V\u00eddeo Porteiro Digital<\/td><td>\u00a0<\/td><td>\u00a0<\/td><td>\u00a0<\/td><td>X<\/td><td>\u00a0<\/td><td>\u00a0<\/td><td>\u00a0<\/td><td>\u00a0<\/td><td>\u00a0<\/td><\/tr><tr><td class=\"name\">Antena coletiva<\/td><td>X<\/td><td>X<\/td><td>\u00a0<\/td><td>\u00a0<\/td><td>\u00a0<\/td><td>\u00a0<\/td><td>\u00a0<\/td><td>\u00a0<\/td><td>\u00a0<\/td><\/tr><tr><td class=\"name\">Visualiza\u00e7\u00e3o CFTV p\u00e1tio<\/td><td>X<\/td><td>X<\/td><td>\u00a0<\/td><td>\u00a0<\/td><td>\u00a0<\/td><td>\u00a0<\/td><td>\u00a0<\/td><td>\u00a0<\/td><td>\u00a0<\/td><\/tr><tr><td class=\"name\">Cabeamento para TV por assinatura<\/td><td>X<\/td><td>\u00a0<\/td><td>\u00a0<\/td><td>\u00a0<\/td><td>\u00a0<\/td><td>\u00a0<\/td><td>\u00a0<\/td><td>\u00a0<\/td><td>\u00a0<\/td><\/tr><tr><td class=\"name\">Aspira\u00e7\u00e3o Central &#8211; Ponto de coleta<\/td><td>X<\/td><td>X<\/td><td>\u00a0<\/td><td>\u00a0<\/td><td>\u00a0<\/td><td>\u00a0<\/td><td>\u00a0<\/td><td>\u00a0<\/td><td>X<\/td><\/tr><tr><td class=\"name\">Ponto de automa\u00e7\u00e3o<\/td><td>X<\/td><td>\u00a0<\/td><td>\u00a0<\/td><td>\u00a0<\/td><td>\u00a0<\/td><td>\u00a0<\/td><td>\u00a0<\/td><td>\u00a0<\/td><td>\u00a0<\/td><\/tr><tr><td class=\"name\">Tubula\u00e7\u00e3o para automa\u00e7\u00e3o<\/td><td>X<\/td><td>X<\/td><td>\u00a0<\/td><td>X<\/td><td>\u00a0<\/td><td>\u00a0<\/td><td>\u00a0<\/td><td>\u00a0<\/td><td>\u00a0<\/td><\/tr><tr><td class=\"name\">Espera para cortinas motorizadas<\/td><td>X<\/td><td>X<\/td><td>\u00a0<\/td><td>X<\/td><td>\u00a0<\/td><td>\u00a0<\/td><td>\u00a0<\/td><td>\u00a0<\/td><td>\u00a0<\/td><\/tr><\/tbody><\/table><\/div>\n\t\t\t\t<\/div>\n\t\t\t\t<\/div>\n\t\t\t\t\t\t<\/div>\n\t\t\t\t\t<\/div>\n\t\t<\/div>\n\t\t\t\t\t\t\t\t<\/div>\n\t\t\t\t\t<\/div>\n\t\t<\/section>\n\t\t\t\t\t\t<\/div>\n\t\t\t\t\t\t<\/div>\n\t\t\t\t\t<\/div>\n\t\t","protected":false},"excerpt":{"rendered":"<p>FICHA T\u00c9CNICA DIFERENCIAISExcelente posi\u00e7\u00e3o solar;Terreno amplo e arejado;Apenas seis unidades exclusivas, atendidas por elevador;Localiza\u00e7\u00e3o privilegiada em bairro nobre, pr\u00f3ximo ao centro da cidade;Plantas completas com op\u00e7\u00f5es de 2 ou 3 su\u00edtes. \u00a0 Sala de Estar \/ Jantar Su\u00edtes Banheiros Su\u00edtes Cozinha Lavanderia Banheiro de Servi\u00e7o Lavabo Circula\u00e7\u00e3o Espa\u00e7o de Servi\u00e7o Paredes Massa Corrida Massa Corrida [&hellip;]<\/p>\n","protected":false},"author":1,"featured_media":0,"parent":0,"menu_order":0,"comment_status":"closed","ping_status":"closed","template":"elementor_header_footer","meta":[],"_links":{"self":[{"href":"https:\/\/www.gebaut.com.br\/villedegrenoble\/index.php?rest_route=\/wp\/v2\/pages\/24"}],"collection":[{"href":"https:\/\/www.gebaut.com.br\/villedegrenoble\/index.php?rest_route=\/wp\/v2\/pages"}],"about":[{"href":"https:\/\/www.gebaut.com.br\/villedegrenoble\/index.php?rest_route=\/wp\/v2\/types\/page"}],"author":[{"embeddable":true,"href":"https:\/\/www.gebaut.com.br\/villedegrenoble\/index.php?rest_route=\/wp\/v2\/users\/1"}],"replies":[{"embeddable":true,"href":"https:\/\/www.gebaut.com.br\/villedegrenoble\/index.php?rest_route=%2Fwp%2Fv2%2Fcomments&post=24"}],"version-history":[{"count":4,"href":"https:\/\/www.gebaut.com.br\/villedegrenoble\/index.php?rest_route=\/wp\/v2\/pages\/24\/revisions"}],"predecessor-version":[{"id":133,"href":"https:\/\/www.gebaut.com.br\/villedegrenoble\/index.php?rest_route=\/wp\/v2\/pages\/24\/revisions\/133"}],"wp:attachment":[{"href":"https:\/\/www.gebaut.com.br\/villedegrenoble\/index.php?rest_route=%2Fwp%2Fv2%2Fmedia&parent=24"}],"curies":[{"name":"wp","href":"https:\/\/api.w.org\/{rel}","templated":true}]}}